{"id":10,"date":"2019-07-30T19:59:12","date_gmt":"2019-07-30T22:59:12","guid":{"rendered":"http:\/\/axc.com.br\/index\/?page_id=10"},"modified":"2019-07-30T19:59:14","modified_gmt":"2019-07-30T22:59:14","slug":"servicos","status":"publish","type":"page","link":"https:\/\/axc.com.br\/index\/index.php\/servicos\/","title":{"rendered":"Servi\u00e7os"},"content":{"rendered":"\n<h3 class=\"wp-block-heading\"><strong>Assist\u00eancia T\u00e9cnica Especializada<\/strong><\/h3>\n\n\n\n<h4 class=\"wp-block-heading\">Notebooks,&nbsp;Computadores,&nbsp;Impressoras, Monitores, TVs LCD\/LED &nbsp;<\/h4>\n\n\n\n<h3 class=\"wp-block-heading\"><strong>WebSites<\/strong><\/h3>\n\n\n\n<h4 class=\"wp-block-heading\">Desenvolvimento De Web Sites &amp; Solu\u00e7\u00f5es Para Internet. E-Commerce Institucionais Vitrines Eletr\u00f4nicas<\/h4>\n\n\n\n<h3 class=\"wp-block-heading\"><strong>Recupera\u00e7\u00e3o\/Backup Sistemas<\/strong><\/h3>\n\n\n\n<h4 class=\"wp-block-heading\">Recupera\u00e7\u00e3o De Dados Disco R\u00edgido, Pen-Drives Backup De Dados Retirada De V\u00edrus<\/h4>\n","protected":false},"excerpt":{"rendered":"<p>Assist\u00eancia T\u00e9cnica Especializada Notebooks,&nbsp;Computadores,&nbsp;Impressoras, Monitores, TVs LCD\/LED &nbsp; WebSites Desenvolvimento De Web Sites &amp; Solu\u00e7\u00f5es&#8230;<\/p>\n","protected":false},"author":1,"featured_media":0,"parent":0,"menu_order":0,"comment_status":"closed","ping_status":"closed","template":"","meta":{"footnotes":""},"class_list":["post-10","page","type-page","status-publish","hentry"],"_links":{"self":[{"href":"https:\/\/axc.com.br\/index\/index.php\/wp-json\/wp\/v2\/pages\/10","targetHints":{"allow":["GET"]}}],"collection":[{"href":"https:\/\/axc.com.br\/index\/index.php\/wp-json\/wp\/v2\/pages"}],"about":[{"href":"https:\/\/axc.com.br\/index\/index.php\/wp-json\/wp\/v2\/types\/page"}],"author":[{"embeddable":true,"href":"https:\/\/axc.com.br\/index\/index.php\/wp-json\/wp\/v2\/users\/1"}],"replies":[{"embeddable":true,"href":"https:\/\/axc.com.br\/index\/index.php\/wp-json\/wp\/v2\/comments?post=10"}],"version-history":[{"count":1,"href":"https:\/\/axc.com.br\/index\/index.php\/wp-json\/wp\/v2\/pages\/10\/revisions"}],"predecessor-version":[{"id":11,"href":"https:\/\/axc.com.br\/index\/index.php\/wp-json\/wp\/v2\/pages\/10\/revisions\/11"}],"wp:attachment":[{"href":"https:\/\/axc.com.br\/index\/index.php\/wp-json\/wp\/v2\/media?parent=10"}],"curies":[{"name":"wp","href":"https:\/\/api.w.org\/{rel}","templated":true}]}}