{"id":18,"date":"2019-07-30T20:08:55","date_gmt":"2019-07-30T23:08:55","guid":{"rendered":"http:\/\/axc.com.br\/index\/?page_id=18"},"modified":"2019-07-30T20:08:56","modified_gmt":"2019-07-30T23:08:56","slug":"quem-somos","status":"publish","type":"page","link":"https:\/\/axc.com.br\/index\/","title":{"rendered":"Quem Somos"},"content":{"rendered":"\n<p><\/p>\n\n\n\n<h2 class=\"wp-block-heading\">Equipe especializada para atender nossos clientes com excel\u00eancia.<\/h2>\n\n\n\n<h3 class=\"wp-block-heading\"><strong>Reparos<\/strong><\/h3>\n\n\n\n<p style=\"text-align:left\">    Especializados em reparo de qualquer marca ou modelo de computadores, notebook e televis\u00f5es do mercado. Troca de pe\u00e7as processador, placa de v\u00eddeo e demais pe\u00e7as de Hardware; Reparo em placa m\u00e3e; Limpeza e Manuten\u00e7\u00e3o do cooler; Upgrade de mem\u00f3ria Ram e HD; Instala\u00e7\u00e3o de Softwares e limpeza de sistema; Troca de tela; Recupera\u00e7\u00e3o de Carca\u00e7a; Limpeza e Troca do teclado;\u00a0Instala\u00e7\u00e3o de Softwares e limpeza de sistema.<\/p>\n\n\n\n<h3 class=\"wp-block-heading\"><strong>Recupera\u00e7\u00e3o de HDs<\/strong><\/h3>\n\n\n\n<p>    Recuperamos dados em HDS (Disco R\u00edgido) formatados, ou deletados.<\/p>\n\n\n\n<h3 class=\"wp-block-heading\"><strong>Programas de Gerenciamento<\/strong><\/h3>\n\n\n\n<p>    Trabalhamos com programas para gerenciamento\/controle de estoque\/financeiro e emiss\u00e3o de nota fiscal eletr\u00f4nica, pre\u00e7o \u00fanico, sem mensalidades e com suporte online, e local.<\/p>\n\n\n\n<h3 class=\"wp-block-heading\"><strong>Garantia de Servi\u00e7o<\/strong><\/h3>\n\n\n\n<p>    Ao consertar seu equipamento\u00a0na AXC Inform\u00e1tica, voc\u00ea ter\u00e1 total\u00a0garantia\u00a0dos nossos\u00a0servi\u00e7os\u00a0e contar\u00e1 com a\u00a0seguran\u00e7a\u00a0do uso exclusivo das\u00a0pe\u00e7as originais\u00a0do fabricante em seu equipamento.<\/p>\n\n\n\n<h3 class=\"wp-block-heading\"><strong>Avalia\u00e7\u00e3o R\u00e1pida<\/strong><\/h3>\n\n\n\n<p>    Seu\u00a0equipamento\u00a0ser\u00e1\u00a0avaliado e diagnosticado\u00a0por nossa \u00e1rea t\u00e9cnica em um\u00a0curto prazo, para n\u00e3o trazer transtorno aos clientes.<\/p>\n\n\n\n<h3 class=\"wp-block-heading\"><strong>Profissionais Especializados<\/strong><\/h3>\n\n\n\n<p>    Os profissionais s\u00e3o treinados, certificados, constantemente\u00a0atualizados\u00a0e\u00a0reciclados\u00a0para todos os equipamentos dos fabricantes atendidos.<\/p>\n\n\n\n<h3 class=\"wp-block-heading\"><strong>Centro de Reparos<\/strong><\/h3>\n\n\n\n<p>    Trabalhamos com as marcas Apple,\u00a0Samsung,\u00a0HP,\u00a0Vaio,\u00a0Sony,\u00a0Positivo, LG, Lenovo, entre outras.\u00a0Al\u00e9m disso, atendemos a\u00a0qualquer marca\u00a0de equipamentos\u00a0fabricados no Brasil\u00a0ou\u00a0montados no Brasil\u00a0com componentes importados.<\/p>\n","protected":false},"excerpt":{"rendered":"<p>Equipe especializada para atender nossos clientes com excel\u00eancia. Reparos Especializados em reparo de qualquer marca&#8230;<\/p>\n","protected":false},"author":1,"featured_media":0,"parent":0,"menu_order":0,"comment_status":"closed","ping_status":"closed","template":"","meta":{"footnotes":""},"class_list":["post-18","page","type-page","status-publish","hentry"],"_links":{"self":[{"href":"https:\/\/axc.com.br\/index\/index.php\/wp-json\/wp\/v2\/pages\/18","targetHints":{"allow":["GET"]}}],"collection":[{"href":"https:\/\/axc.com.br\/index\/index.php\/wp-json\/wp\/v2\/pages"}],"about":[{"href":"https:\/\/axc.com.br\/index\/index.php\/wp-json\/wp\/v2\/types\/page"}],"author":[{"embeddable":true,"href":"https:\/\/axc.com.br\/index\/index.php\/wp-json\/wp\/v2\/users\/1"}],"replies":[{"embeddable":true,"href":"https:\/\/axc.com.br\/index\/index.php\/wp-json\/wp\/v2\/comments?post=18"}],"version-history":[{"count":1,"href":"https:\/\/axc.com.br\/index\/index.php\/wp-json\/wp\/v2\/pages\/18\/revisions"}],"predecessor-version":[{"id":20,"href":"https:\/\/axc.com.br\/index\/index.php\/wp-json\/wp\/v2\/pages\/18\/revisions\/20"}],"wp:attachment":[{"href":"https:\/\/axc.com.br\/index\/index.php\/wp-json\/wp\/v2\/media?parent=18"}],"curies":[{"name":"wp","href":"https:\/\/api.w.org\/{rel}","templated":true}]}}