{"id":66,"date":"2020-11-05T17:49:24","date_gmt":"2020-11-05T20:49:24","guid":{"rendered":"http:\/\/axc.com.br\/index\/?page_id=66"},"modified":"2020-12-02T18:13:46","modified_gmt":"2020-12-02T21:13:46","slug":"configuracao-de-e-mail","status":"publish","type":"page","link":"https:\/\/axc.com.br\/index\/index.php\/configuracao-de-e-mail\/","title":{"rendered":"Configura\u00e7\u00e3o de E-mail"},"content":{"rendered":"\n<figure class=\"wp-block-gallery columns-0 is-cropped wp-block-gallery-1 is-layout-flex wp-block-gallery-is-layout-flex\"><ul class=\"blocks-gallery-grid\"><\/ul><\/figure>\n\n\n\n<p><strong>Como logar no meu webmail atrav\u00e9s do site?<\/strong><\/p>\n\n\n\n<p><br>\u00c9 um tanto f\u00e1cil, basta voc\u00ea digitar <\/p>\n\n\n\n<p>\u00a0<em>http:\/\/<strong>webmail.<\/strong>seudominio.com.br<\/em><\/p>\n\n\n\n<p>Exemplo: Se seu site chama-se\u00a0<em>tonaking.com.br<\/em>\u00a0ent\u00e3o o endere\u00e7o de webmail fica\u00a0<em>webmail.tonaking.com.br<\/em><\/p>\n\n\n\n<p><\/p>\n\n\n\n<p><\/p>\n","protected":false},"excerpt":{"rendered":"<p>Como logar no meu webmail atrav\u00e9s do site? \u00c9 um tanto f\u00e1cil, basta voc\u00ea digitar&#8230;<\/p>\n","protected":false},"author":1,"featured_media":0,"parent":0,"menu_order":0,"comment_status":"closed","ping_status":"closed","template":"","meta":{"footnotes":""},"class_list":["post-66","page","type-page","status-publish","hentry"],"_links":{"self":[{"href":"https:\/\/axc.com.br\/index\/index.php\/wp-json\/wp\/v2\/pages\/66","targetHints":{"allow":["GET"]}}],"collection":[{"href":"https:\/\/axc.com.br\/index\/index.php\/wp-json\/wp\/v2\/pages"}],"about":[{"href":"https:\/\/axc.com.br\/index\/index.php\/wp-json\/wp\/v2\/types\/page"}],"author":[{"embeddable":true,"href":"https:\/\/axc.com.br\/index\/index.php\/wp-json\/wp\/v2\/users\/1"}],"replies":[{"embeddable":true,"href":"https:\/\/axc.com.br\/index\/index.php\/wp-json\/wp\/v2\/comments?post=66"}],"version-history":[{"count":4,"href":"https:\/\/axc.com.br\/index\/index.php\/wp-json\/wp\/v2\/pages\/66\/revisions"}],"predecessor-version":[{"id":85,"href":"https:\/\/axc.com.br\/index\/index.php\/wp-json\/wp\/v2\/pages\/66\/revisions\/85"}],"wp:attachment":[{"href":"https:\/\/axc.com.br\/index\/index.php\/wp-json\/wp\/v2\/media?parent=66"}],"curies":[{"name":"wp","href":"https:\/\/api.w.org\/{rel}","templated":true}]}}